{"id":13459,"date":"2023-07-18T20:43:53","date_gmt":"2023-07-18T20:43:53","guid":{"rendered":"https:\/\/business.reobiztheme.com\/?page_id=13459"},"modified":"2025-02-18T23:36:21","modified_gmt":"2025-02-18T23:36:21","slug":"contact","status":"publish","type":"page","link":"https:\/\/activacionempresarial.com\/?page_id=13459","title":{"rendered":"CONTACTO"},"content":{"rendered":"\t\t<div data-elementor-type=\"wp-page\" data-elementor-id=\"13459\" class=\"elementor elementor-13459\" data-elementor-post-type=\"page\">\n\t\t\t\t\t\t<section class=\"elementor-section elementor-top-section elementor-element elementor-element-8cb1e63 elementor-section-boxed elementor-section-height-default elementor-section-height-default\" data-id=\"8cb1e63\" data-element_type=\"section\" data-settings=\"{&quot;background_background&quot;:&quot;classic&quot;}\">\n\t\t\t\t\t\t<div class=\"elementor-container elementor-column-gap-default\">\n\t\t\t\t\t<div class=\"elementor-column elementor-col-100 elementor-top-column elementor-element elementor-element-30537ee\" data-id=\"30537ee\" data-element_type=\"column\">\n\t\t\t<div class=\"elementor-widget-wrap elementor-element-populated\">\n\t\t\t\t\t\t<section class=\"elementor-section elementor-inner-section elementor-element elementor-element-d4b88e2 animated-slow elementor-section-content-middle elementor-section-boxed elementor-section-height-default elementor-section-height-default\" data-id=\"d4b88e2\" data-element_type=\"section\" data-settings=\"{&quot;animation&quot;:&quot;none&quot;}\">\n\t\t\t\t\t\t<div class=\"elementor-container elementor-column-gap-default\">\n\t\t\t\t\t<div class=\"elementor-column elementor-col-66 elementor-inner-column elementor-element elementor-element-8387f26\" data-id=\"8387f26\" data-element_type=\"column\" data-settings=\"{&quot;background_background&quot;:&quot;classic&quot;,&quot;animation&quot;:&quot;none&quot;}\">\n\t\t\t<div class=\"elementor-widget-wrap elementor-element-populated\">\n\t\t\t\t\t\t<div class=\"elementor-element elementor-element-9cee151 elementor-widget elementor-widget-rs-heading\" data-id=\"9cee151\" data-element_type=\"widget\" data-widget_type=\"rs-heading.default\">\n\t\t\t\t<div class=\"elementor-widget-container\">\n\t\t\t\t\t        <div class=\"rs-heading default  \">\r\n        \t<div class=\"title-inner\">\r\n        \t\t      \t\t\r\n\t            <span class=\"sub-text \">CONT\u00c1CTANOS<\/span><h2 class=\"title\"><span class=\"watermark\"><\/span>CONOCE NUESTRAS SOLUCIONES<\/h2>\t        <\/div>\r\n\t                <\/div>\r\n\r\n        \t\t\t\t<\/div>\n\t\t\t\t<\/div>\n\t\t\t\t<div class=\"elementor-element elementor-element-22cfb68 elementor-widget elementor-widget-rs-cf7\" data-id=\"22cfb68\" data-element_type=\"widget\" data-widget_type=\"rs-cf7.default\">\n\t\t\t\t<div class=\"elementor-widget-container\">\n\t\t\t\t\t\n<div class=\"wpcf7 no-js\" id=\"wpcf7-f2078-o1\" lang=\"en-US\" dir=\"ltr\" data-wpcf7-id=\"2078\">\n<div class=\"screen-reader-response\"><p role=\"status\" aria-live=\"polite\" aria-atomic=\"true\"><\/p> <ul><\/ul><\/div>\n<form action=\"\/index.php?rest_route=%2Fwp%2Fv2%2Fpages%2F13459#wpcf7-f2078-o1\" method=\"post\" class=\"wpcf7-form init\" aria-label=\"Contact form\" novalidate=\"novalidate\" data-status=\"init\">\n<div style=\"display: none;\">\n<input type=\"hidden\" name=\"_wpcf7\" value=\"2078\" \/>\n<input type=\"hidden\" name=\"_wpcf7_version\" value=\"6.0.3\" \/>\n<input type=\"hidden\" name=\"_wpcf7_locale\" value=\"en_US\" \/>\n<input type=\"hidden\" name=\"_wpcf7_unit_tag\" value=\"wpcf7-f2078-o1\" \/>\n<input type=\"hidden\" name=\"_wpcf7_container_post\" value=\"0\" \/>\n<input type=\"hidden\" name=\"_wpcf7_posted_data_hash\" value=\"\" \/>\n<\/div>\n<div class=\"row\">\n\t<div class=\"col-sm-6\">\n\t\t<p><span class=\"wpcf7-form-control-wrap\" data-name=\"your-name\"><input size=\"40\" maxlength=\"400\" class=\"wpcf7-form-control wpcf7-text wpcf7-validates-as-required\" aria-required=\"true\" aria-invalid=\"false\" placeholder=\"Nombre\" value=\"\" type=\"text\" name=\"your-name\" \/><\/span>\n\t\t<\/p>\n\t<\/div>\n\t<div class=\"col-sm-6\">\n\t\t<p><span class=\"wpcf7-form-control-wrap\" data-name=\"your-email\"><input size=\"40\" maxlength=\"400\" class=\"wpcf7-form-control wpcf7-email wpcf7-validates-as-required wpcf7-text wpcf7-validates-as-email\" aria-required=\"true\" aria-invalid=\"false\" placeholder=\"E-Mail\" value=\"\" type=\"email\" name=\"your-email\" \/><\/span>\n\t\t<\/p>\n\t<\/div>\n\t<div class=\"col-sm-6\">\n\t\t<p><span class=\"wpcf7-form-control-wrap\" data-name=\"your-phone\"><input size=\"40\" maxlength=\"400\" class=\"wpcf7-form-control wpcf7-text wpcf7-validates-as-required\" aria-required=\"true\" aria-invalid=\"false\" placeholder=\"N\u00famero Telef\u00f3nico\" value=\"\" type=\"text\" name=\"your-phone\" \/><\/span>\n\t\t<\/p>\n\t<\/div>\n\t<div class=\"col-sm-6\">\n\t\t<p><span class=\"wpcf7-form-control-wrap\" data-name=\"your-website\"><input size=\"40\" maxlength=\"400\" class=\"wpcf7-form-control wpcf7-text\" aria-invalid=\"false\" placeholder=\"Nombre de tu Empresa\" value=\"\" type=\"text\" name=\"your-website\" \/><\/span>\n\t\t<\/p>\n\t<\/div>\n\t<div class=\"col-sm-12\">\n\t\t<p><span class=\"wpcf7-form-control-wrap\" data-name=\"your-message\"><textarea cols=\"40\" rows=\"10\" maxlength=\"2000\" class=\"wpcf7-form-control wpcf7-textarea\" aria-invalid=\"false\" placeholder=\"Escribe aqui tu mensaje\" name=\"your-message\"><\/textarea><\/span>\n\t\t<\/p>\n\t<\/div>\n\t<div class=\"form-button col-sm-12\">\n\t\t<p class=\"submit-btn\"><input class=\"wpcf7-form-control wpcf7-submit has-spinner\" type=\"submit\" value=\"Enviar\" \/>\n\t\t<\/p>\n\t<\/div>\n<\/div><p style=\"display: none !important;\" class=\"akismet-fields-container\" data-prefix=\"_wpcf7_ak_\"><label>&#916;<textarea name=\"_wpcf7_ak_hp_textarea\" cols=\"45\" rows=\"8\" maxlength=\"100\"><\/textarea><\/label><input type=\"hidden\" id=\"ak_js_1\" name=\"_wpcf7_ak_js\" value=\"36\"\/><script>document.getElementById( \"ak_js_1\" ).setAttribute( \"value\", ( new Date() ).getTime() );<\/script><\/p><div class=\"wpcf7-response-output\" aria-hidden=\"true\"><\/div>\n<\/form>\n<\/div>\n\t\t\t\t<\/div>\n\t\t\t\t<\/div>\n\t\t\t\t\t<\/div>\n\t\t<\/div>\n\t\t\t\t<div class=\"elementor-column elementor-col-33 elementor-inner-column elementor-element elementor-element-156d22f rs-contacta_info\" data-id=\"156d22f\" data-element_type=\"column\" data-settings=\"{&quot;background_background&quot;:&quot;classic&quot;}\">\n\t\t\t<div class=\"elementor-widget-wrap elementor-element-populated\">\n\t\t\t\t\t<div class=\"elementor-background-overlay\"><\/div>\n\t\t\t\t\t\t<div class=\"elementor-element elementor-element-aed9c6e elementor-widget elementor-widget-rs-heading\" data-id=\"aed9c6e\" data-element_type=\"widget\" data-widget_type=\"rs-heading.default\">\n\t\t\t\t<div class=\"elementor-widget-container\">\n\t\t\t\t\t        <div class=\"rs-heading default left \">\r\n        \t<div class=\"title-inner\">\r\n        \t\t      \t\t\r\n\t            <h2 class=\"title\"><span class=\"watermark\"><\/span>Informaci\u00f3n de Contacto<\/h2>\t        <\/div>\r\n\t                <\/div>\r\n\r\n        \t\t\t\t<\/div>\n\t\t\t\t<\/div>\n\t\t\t\t<div class=\"elementor-element elementor-element-03fb50f elementor-position-left elementor-view-default elementor-mobile-position-top elementor-vertical-align-top elementor-widget elementor-widget-icon-box\" data-id=\"03fb50f\" data-element_type=\"widget\" data-widget_type=\"icon-box.default\">\n\t\t\t\t<div class=\"elementor-widget-container\">\n\t\t\t\t\t\t\t<div class=\"elementor-icon-box-wrapper\">\n\n\t\t\t\t\t\t<div class=\"elementor-icon-box-icon\">\n\t\t\t\t<span  class=\"elementor-icon\">\n\t\t\t\t<svg aria-hidden=\"true\" class=\"e-font-icon-svg e-fas-map-pin\" viewBox=\"0 0 288 512\" xmlns=\"http:\/\/www.w3.org\/2000\/svg\"><path d=\"M112 316.94v156.69l22.02 33.02c4.75 7.12 15.22 7.12 19.97 0L176 473.63V316.94c-10.39 1.92-21.06 3.06-32 3.06s-21.61-1.14-32-3.06zM144 0C64.47 0 0 64.47 0 144s64.47 144 144 144 144-64.47 144-144S223.53 0 144 0zm0 76c-37.5 0-68 30.5-68 68 0 6.62-5.38 12-12 12s-12-5.38-12-12c0-50.73 41.28-92 92-92 6.62 0 12 5.38 12 12s-5.38 12-12 12z\"><\/path><\/svg>\t\t\t\t<\/span>\n\t\t\t<\/div>\n\t\t\t\n\t\t\t\t\t\t<div class=\"elementor-icon-box-content\">\n\n\t\t\t\t\t\t\t\t\t<div class=\"elementor-icon-box-title\">\n\t\t\t\t\t\t<span  >\n\t\t\t\t\t\t\tDirecci\u00f3n\t\t\t\t\t\t<\/span>\n\t\t\t\t\t<\/div>\n\t\t\t\t\n\t\t\t\t\t\t\t\t\t<p class=\"elementor-icon-box-description\">\n\t\t\t\t\t\t@tudireccion\t\t\t\t\t<\/p>\n\t\t\t\t\n\t\t\t<\/div>\n\t\t\t\n\t\t<\/div>\n\t\t\t\t\t\t<\/div>\n\t\t\t\t<\/div>\n\t\t\t\t<div class=\"elementor-element elementor-element-da98083 elementor-position-left elementor-view-default elementor-mobile-position-top elementor-vertical-align-top elementor-widget elementor-widget-icon-box\" data-id=\"da98083\" data-element_type=\"widget\" data-widget_type=\"icon-box.default\">\n\t\t\t\t<div class=\"elementor-widget-container\">\n\t\t\t\t\t\t\t<div class=\"elementor-icon-box-wrapper\">\n\n\t\t\t\t\t\t<div class=\"elementor-icon-box-icon\">\n\t\t\t\t<span  class=\"elementor-icon\">\n\t\t\t\t<svg aria-hidden=\"true\" class=\"e-font-icon-svg e-fas-phone-alt\" viewBox=\"0 0 512 512\" xmlns=\"http:\/\/www.w3.org\/2000\/svg\"><path d=\"M497.39 361.8l-112-48a24 24 0 0 0-28 6.9l-49.6 60.6A370.66 370.66 0 0 1 130.6 204.11l60.6-49.6a23.94 23.94 0 0 0 6.9-28l-48-112A24.16 24.16 0 0 0 122.6.61l-104 24A24 24 0 0 0 0 48c0 256.5 207.9 464 464 464a24 24 0 0 0 23.4-18.6l24-104a24.29 24.29 0 0 0-14.01-27.6z\"><\/path><\/svg>\t\t\t\t<\/span>\n\t\t\t<\/div>\n\t\t\t\n\t\t\t\t\t\t<div class=\"elementor-icon-box-content\">\n\n\t\t\t\t\t\t\t\t\t<div class=\"elementor-icon-box-title\">\n\t\t\t\t\t\t<span  >\n\t\t\t\t\t\t\tTelefono\t\t\t\t\t\t<\/span>\n\t\t\t\t\t<\/div>\n\t\t\t\t\n\t\t\t\t\t\t\t\t\t<p class=\"elementor-icon-box-description\">\n\t\t\t\t\t\t52 56 36 18 94 78<br>\n\t\t\t\t\t<\/p>\n\t\t\t\t\n\t\t\t<\/div>\n\t\t\t\n\t\t<\/div>\n\t\t\t\t\t\t<\/div>\n\t\t\t\t<\/div>\n\t\t\t\t<div class=\"elementor-element elementor-element-582b612 elementor-position-left elementor-view-default elementor-mobile-position-top elementor-vertical-align-top elementor-widget elementor-widget-icon-box\" data-id=\"582b612\" data-element_type=\"widget\" data-widget_type=\"icon-box.default\">\n\t\t\t\t<div class=\"elementor-widget-container\">\n\t\t\t\t\t\t\t<div class=\"elementor-icon-box-wrapper\">\n\n\t\t\t\t\t\t<div class=\"elementor-icon-box-icon\">\n\t\t\t\t<span  class=\"elementor-icon\">\n\t\t\t\t<svg xmlns=\"http:\/\/www.w3.org\/2000\/svg\" xmlns:xlink=\"http:\/\/www.w3.org\/1999\/xlink\" id=\"Layer_1\" x=\"0px\" y=\"0px\" viewBox=\"0 0 469.333 469.333\" style=\"enable-background:new 0 0 469.333 469.333;\" xml:space=\"preserve\" width=\"512px\" height=\"512px\" class=\"\"><g><g>\t<g>\t\t<g>\t\t\t<path d=\"M469.333,181.26c-0.021-3.333-1.604-6.458-4.271-8.458l-38.396-28.797v-26.672c0-2.833-1.125-5.542-3.125-7.542     L316.875,3.125c-2-2-4.708-3.125-7.542-3.125h-224C61.812,0,42.667,19.135,42.667,42.667v101.339L4.271,172.802     c-2.667,2-4.25,5.125-4.271,8.458c0,0.026,0.017,0.047,0.017,0.073H0v245.333c0,23.531,19.146,42.667,42.667,42.667h384     c23.521,0,42.667-19.135,42.667-42.667V181.333h-0.017C469.316,181.307,469.333,181.286,469.333,181.26z M426.667,170.659     l14.417,10.81c-3.905,3.031-8.874,6.893-14.417,11.208V170.659z M320,36.417l70.25,70.25h-48.917     c-11.771,0-21.333-9.573-21.333-21.333V36.417z M64,42.667c0-11.76,9.563-21.333,21.333-21.333h213.333v64     c0,23.531,19.146,42.667,42.667,42.667h64v81.323c-14.94,11.681-32.137,25.18-49.859,39.198     c-5.341-8.363-12.677-15.422-21.641-19.979c-23.208-11.802-59.271-25.875-99.167-25.875s-75.958,14.073-99.167,25.875     c-8.997,4.576-16.355,11.664-21.707,20.061C96.095,234.577,78.921,221.068,64,209.38V42.667z M338.833,261.72     c-35.638,28.339-70.63,56.678-89.625,73.499c-4.479,3.948-18.542,9.625-29.417,0c-19.102-16.908-53.923-45.163-89.371-73.404     c3.322-6.081,8.396-11.023,14.746-14.253c21.146-10.75,53.813-23.563,89.5-23.563s68.354,12.813,89.5,23.563     C330.488,250.77,335.525,255.68,338.833,261.72z M42.667,170.664v22.042c-5.544-4.324-10.51-8.19-14.417-11.227L42.667,170.664z      M448,426.667c0,11.76-9.563,21.333-21.333,21.333h-384c-11.771,0-21.333-9.573-21.333-21.333V203.117     c44.484,34.622,147.363,115.349,184.333,148.081c8.479,7.5,18.375,11.469,28.667,11.469c10.354,0,20.646-4.073,29-11.469     C301.754,317.191,406.669,235.228,448,203.109V426.667z\" data-original=\"#000000\" class=\"active-path\" data-old_color=\"#000000\" fill=\"#FFFFFF\"><\/path>\t\t\t<path d=\"M234.667,192c35.292,0,64-28.708,64-64c0-35.292-28.708-64-64-64s-64,28.708-64,64     C170.667,163.292,199.375,192,234.667,192z M234.667,85.333c23.521,0,42.667,19.135,42.667,42.667s-19.146,42.667-42.667,42.667     S192,151.531,192,128S211.146,85.333,234.667,85.333z\" data-original=\"#000000\" class=\"active-path\" data-old_color=\"#000000\" fill=\"#FFFFFF\"><\/path>\t\t<\/g>\t<\/g><\/g><\/g> <\/svg>\t\t\t\t<\/span>\n\t\t\t<\/div>\n\t\t\t\n\t\t\t\t\t\t<div class=\"elementor-icon-box-content\">\n\n\t\t\t\t\t\t\t\t\t<div class=\"elementor-icon-box-title\">\n\t\t\t\t\t\t<span  >\n\t\t\t\t\t\t\tE-Mails\t\t\t\t\t\t<\/span>\n\t\t\t\t\t<\/div>\n\t\t\t\t\n\t\t\t\t\t\t\t\t\t<p class=\"elementor-icon-box-description\">\n\t\t\t\t\t\tadriana.sanchez@activacion-empresarial.com<br>\noscar_ruiz@activacion-empresarial.com<br>\nale_hernandez@activacion-empresarial.com<br>\t\t\t\t\t<\/p>\n\t\t\t\t\n\t\t\t<\/div>\n\t\t\t\n\t\t<\/div>\n\t\t\t\t\t\t<\/div>\n\t\t\t\t<\/div>\n\t\t\t\t<div class=\"elementor-element elementor-element-1893748 elementor-position-left elementor-view-default elementor-mobile-position-top elementor-vertical-align-top elementor-widget elementor-widget-icon-box\" data-id=\"1893748\" data-element_type=\"widget\" data-widget_type=\"icon-box.default\">\n\t\t\t\t<div class=\"elementor-widget-container\">\n\t\t\t\t\t\t\t<div class=\"elementor-icon-box-wrapper\">\n\n\t\t\t\t\t\t<div class=\"elementor-icon-box-icon\">\n\t\t\t\t<span  class=\"elementor-icon\">\n\t\t\t\t<svg xmlns=\"http:\/\/www.w3.org\/2000\/svg\" xmlns:xlink=\"http:\/\/www.w3.org\/1999\/xlink\" id=\"Capa_1\" x=\"0px\" y=\"0px\" viewBox=\"0 0 480 480\" style=\"enable-background:new 0 0 480 480;\" xml:space=\"preserve\" width=\"512px\" height=\"512px\"><g><g>\t<g>\t\t<g>\t\t\t<path d=\"M472,432h-24V280c-0.003-4.418-3.588-7.997-8.006-7.994c-2.607,0.002-5.05,1.274-6.546,3.41l-112,160     c-2.532,3.621-1.649,8.609,1.972,11.14c1.343,0.939,2.941,1.443,4.58,1.444h104v24c0,4.418,3.582,8,8,8s8-3.582,8-8v-24h24     c4.418,0,8-3.582,8-8S476.418,432,472,432z M432,432h-88.64L432,305.376V432z\" data-original=\"#000000\" class=\"active-path\" data-old_color=\"#000000\" fill=\"#FFFFFF\"><\/path>\t\t\t<path d=\"M328,464h-94.712l88.056-103.688c0.2-0.238,0.387-0.486,0.56-0.744c16.566-24.518,11.048-57.713-12.56-75.552     c-28.705-20.625-68.695-14.074-89.319,14.631C212.204,309.532,207.998,322.597,208,336c0,4.418,3.582,8,8,8s8-3.582,8-8     c-0.003-26.51,21.486-48.002,47.995-48.005c10.048-0.001,19.843,3.151,28.005,9.013c16.537,12.671,20.388,36.007,8.8,53.32     l-98.896,116.496c-2.859,3.369-2.445,8.417,0.924,11.276c1.445,1.226,3.277,1.899,5.172,1.9h112c4.418,0,8-3.582,8-8     S332.418,464,328,464z\" data-original=\"#000000\" class=\"active-path\" data-old_color=\"#000000\" fill=\"#FFFFFF\"><\/path>\t\t\t<path d=\"M216.176,424.152c0.167-4.415-3.278-8.129-7.693-8.296c-0.001,0-0.002,0-0.003,0     C104.11,411.982,20.341,328.363,16.28,224H48c4.418,0,8-3.582,8-8s-3.582-8-8-8H16.28C20.283,103.821,103.82,20.287,208,16.288     V40c0,4.418,3.582,8,8,8s8-3.582,8-8V16.288c102.754,3.974,185.686,85.34,191.616,188l-31.2-31.2     c-3.178-3.07-8.242-2.982-11.312,0.196c-2.994,3.1-2.994,8.015,0,11.116l44.656,44.656c0.841,1.018,1.925,1.807,3.152,2.296     c0.313,0.094,0.631,0.172,0.952,0.232c0.549,0.198,1.117,0.335,1.696,0.408c0.08,0,0.152,0,0.232,0c0.08,0,0.152,0,0.224,0     c0.609-0.046,1.211-0.164,1.792-0.352c0.329-0.04,0.655-0.101,0.976-0.184c1.083-0.385,2.069-1.002,2.888-1.808l45.264-45.248     c3.069-3.178,2.982-8.242-0.196-11.312c-3.1-2.994-8.015-2.994-11.116,0l-31.976,31.952     C425.933,90.37,331.38,0.281,216.568,0.112C216.368,0.104,216.2,0,216,0s-0.368,0.104-0.568,0.112     C96.582,0.275,0.275,96.582,0.112,215.432C0.112,215.632,0,215.8,0,216s0.104,0.368,0.112,0.568     c0.199,115.917,91.939,210.97,207.776,215.28h0.296C212.483,431.847,216.013,428.448,216.176,424.152z\" data-original=\"#000000\" class=\"active-path\" data-old_color=\"#000000\" fill=\"#FFFFFF\"><\/path>\t\t\t<path d=\"M323.48,108.52c-3.124-3.123-8.188-3.123-11.312,0L226.2,194.48c-6.495-2.896-13.914-2.896-20.408,0l-40.704-40.704     c-3.178-3.069-8.243-2.981-11.312,0.197c-2.994,3.1-2.994,8.015,0,11.115l40.624,40.624c-5.704,11.94-0.648,26.244,11.293,31.947     c9.165,4.378,20.095,2.501,27.275-4.683c7.219-7.158,9.078-18.118,4.624-27.256l85.888-85.888     C326.603,116.708,326.603,111.644,323.48,108.52z M221.658,221.654c-0.001,0.001-0.001,0.001-0.002,0.002     c-3.164,3.025-8.148,3.025-11.312,0c-3.125-3.124-3.125-8.189-0.002-11.314c3.124-3.125,8.189-3.125,11.314-0.002     C224.781,213.464,224.781,218.53,221.658,221.654z\" data-original=\"#000000\" class=\"active-path\" data-old_color=\"#000000\" fill=\"#FFFFFF\"><\/path>\t\t<\/g>\t<\/g><\/g><\/g> <\/svg>\t\t\t\t<\/span>\n\t\t\t<\/div>\n\t\t\t\n\t\t\t\t\t\t<div class=\"elementor-icon-box-content\">\n\n\t\t\t\t\t\t\t\t\t<div class=\"elementor-icon-box-title\">\n\t\t\t\t\t\t<span  >\n\t\t\t\t\t\t\tHorario\t\t\t\t\t\t<\/span>\n\t\t\t\t\t<\/div>\n\t\t\t\t\n\t\t\t\t\t\t\t\t\t<p class=\"elementor-icon-box-description\">\n\t\t\t\t\t\tEJEMPLO <br>\nLun-Vie: 10:00-18:00<br>\nSab-Dom: 10:00-14:00\t\t\t\t\t<\/p>\n\t\t\t\t\n\t\t\t<\/div>\n\t\t\t\n\t\t<\/div>\n\t\t\t\t\t\t<\/div>\n\t\t\t\t<\/div>\n\t\t\t\t\t<\/div>\n\t\t<\/div>\n\t\t\t\t\t<\/div>\n\t\t<\/section>\n\t\t\t\t\t<\/div>\n\t\t<\/div>\n\t\t\t\t\t<\/div>\n\t\t<\/section>\n\t\t\t\t<section class=\"elementor-section elementor-top-section elementor-element elementor-element-2365ef1f elementor-section-stretched elementor-section-full_width elementor-section-height-default elementor-section-height-default\" data-id=\"2365ef1f\" data-element_type=\"section\" data-settings=\"{&quot;stretch_section&quot;:&quot;section-stretched&quot;}\">\n\t\t\t\t\t\t<div class=\"elementor-container elementor-column-gap-default\">\n\t\t\t\t\t<div class=\"elementor-column elementor-col-100 elementor-top-column elementor-element elementor-element-76460fc5\" data-id=\"76460fc5\" data-element_type=\"column\">\n\t\t\t<div class=\"elementor-widget-wrap elementor-element-populated\">\n\t\t\t\t\t\t<div class=\"elementor-element elementor-element-68638343 elementor-widget elementor-widget-google_maps\" data-id=\"68638343\" data-element_type=\"widget\" data-widget_type=\"google_maps.default\">\n\t\t\t\t<div class=\"elementor-widget-container\">\n\t\t\t\t\t\t\t<div class=\"elementor-custom-embed\">\n\t\t\t<iframe loading=\"lazy\"\n\t\t\t\t\tsrc=\"https:\/\/maps.google.com\/maps?q=London%20Eye%2C%20London%2C%20United%20Kingdom&#038;t=m&#038;z=10&#038;output=embed&#038;iwloc=near\"\n\t\t\t\t\ttitle=\"London Eye, London, United Kingdom\"\n\t\t\t\t\taria-label=\"London Eye, London, United Kingdom\"\n\t\t\t><\/iframe>\n\t\t<\/div>\n\t\t\t\t\t\t<\/div>\n\t\t\t\t<\/div>\n\t\t\t\t\t<\/div>\n\t\t<\/div>\n\t\t\t\t\t<\/div>\n\t\t<\/section>\n\t\t\t\t<\/div>\n\t\t","protected":false},"excerpt":{"rendered":"<p>CONT\u00c1CTANOS CONOCE NUESTRAS SOLUCIONES &#916; Informaci\u00f3n de Contacto Direcci\u00f3n @tudireccion Telefono 52 56 36 18 94 78 E-Mails adriana.sanchez@activacion-empresarial.com oscar_ruiz@activacion-empresarial.com ale_hernandez@activacion-empresarial.com Horario EJEMPLO Lun-Vie: 10:00-18:00 Sab-Dom: 10:00-14:00<\/p>\n","protected":false},"author":1,"featured_media":0,"parent":0,"menu_order":0,"comment_status":"closed","ping_status":"closed","template":"","meta":{"_joinchat":[],"footnotes":""},"class_list":["post-13459","page","type-page","status-publish","hentry"],"yoast_head":"<!-- This site is optimized with the Yoast SEO plugin v24.4 - https:\/\/yoast.com\/wordpress\/plugins\/seo\/ -->\n<title>CONTACTO - Activaci\u00f3n Empresarial<\/title>\n<meta name=\"robots\" content=\"index, follow, max-snippet:-1, max-image-preview:large, max-video-preview:-1\" \/>\n<link rel=\"canonical\" href=\"https:\/\/activacionempresarial.com\/?page_id=13459\" \/>\n<meta property=\"og:locale\" content=\"es_ES\" \/>\n<meta property=\"og:type\" content=\"article\" \/>\n<meta property=\"og:title\" content=\"CONTACTO - Activaci\u00f3n Empresarial\" \/>\n<meta property=\"og:description\" content=\"CONT\u00c1CTANOS CONOCE NUESTRAS SOLUCIONES &#916; Informaci\u00f3n de Contacto Direcci\u00f3n @tudireccion Telefono 52 56 36 18 94 78 E-Mails adriana.sanchez@activacion-empresarial.com oscar_ruiz@activacion-empresarial.com ale_hernandez@activacion-empresarial.com Horario EJEMPLO Lun-Vie: 10:00-18:00 Sab-Dom: 10:00-14:00\" \/>\n<meta property=\"og:url\" content=\"https:\/\/activacionempresarial.com\/?page_id=13459\" \/>\n<meta property=\"og:site_name\" content=\"Activaci\u00f3n Empresarial\" \/>\n<meta property=\"article:modified_time\" content=\"2025-02-18T23:36:21+00:00\" \/>\n<meta name=\"twitter:card\" content=\"summary_large_image\" \/>\n<meta name=\"twitter:label1\" content=\"Tiempo de lectura\" \/>\n\t<meta name=\"twitter:data1\" content=\"1 minuto\" \/>\n<script type=\"application\/ld+json\" class=\"yoast-schema-graph\">{\"@context\":\"https:\/\/schema.org\",\"@graph\":[{\"@type\":\"WebPage\",\"@id\":\"https:\/\/activacionempresarial.com\/?page_id=13459\",\"url\":\"https:\/\/activacionempresarial.com\/?page_id=13459\",\"name\":\"CONTACTO - Activaci\u00f3n Empresarial\",\"isPartOf\":{\"@id\":\"https:\/\/activacionempresarial.com\/#website\"},\"datePublished\":\"2023-07-18T20:43:53+00:00\",\"dateModified\":\"2025-02-18T23:36:21+00:00\",\"breadcrumb\":{\"@id\":\"https:\/\/activacionempresarial.com\/?page_id=13459#breadcrumb\"},\"inLanguage\":\"es\",\"potentialAction\":[{\"@type\":\"ReadAction\",\"target\":[\"https:\/\/activacionempresarial.com\/?page_id=13459\"]}]},{\"@type\":\"BreadcrumbList\",\"@id\":\"https:\/\/activacionempresarial.com\/?page_id=13459#breadcrumb\",\"itemListElement\":[{\"@type\":\"ListItem\",\"position\":1,\"name\":\"Portada\",\"item\":\"https:\/\/activacionempresarial.com\/\"},{\"@type\":\"ListItem\",\"position\":2,\"name\":\"CONTACTO\"}]},{\"@type\":\"WebSite\",\"@id\":\"https:\/\/activacionempresarial.com\/#website\",\"url\":\"https:\/\/activacionempresarial.com\/\",\"name\":\"Activaci\u00f3n Empresarial\",\"description\":\"\",\"potentialAction\":[{\"@type\":\"SearchAction\",\"target\":{\"@type\":\"EntryPoint\",\"urlTemplate\":\"https:\/\/activacionempresarial.com\/?s={search_term_string}\"},\"query-input\":{\"@type\":\"PropertyValueSpecification\",\"valueRequired\":true,\"valueName\":\"search_term_string\"}}],\"inLanguage\":\"es\"}]}<\/script>\n<!-- \/ Yoast SEO plugin. -->","yoast_head_json":{"title":"CONTACTO - Activaci\u00f3n Empresarial","robots":{"index":"index","follow":"follow","max-snippet":"max-snippet:-1","max-image-preview":"max-image-preview:large","max-video-preview":"max-video-preview:-1"},"canonical":"https:\/\/activacionempresarial.com\/?page_id=13459","og_locale":"es_ES","og_type":"article","og_title":"CONTACTO - Activaci\u00f3n Empresarial","og_description":"CONT\u00c1CTANOS CONOCE NUESTRAS SOLUCIONES &#916; Informaci\u00f3n de Contacto Direcci\u00f3n @tudireccion Telefono 52 56 36 18 94 78 E-Mails adriana.sanchez@activacion-empresarial.com oscar_ruiz@activacion-empresarial.com ale_hernandez@activacion-empresarial.com Horario EJEMPLO Lun-Vie: 10:00-18:00 Sab-Dom: 10:00-14:00","og_url":"https:\/\/activacionempresarial.com\/?page_id=13459","og_site_name":"Activaci\u00f3n Empresarial","article_modified_time":"2025-02-18T23:36:21+00:00","twitter_card":"summary_large_image","twitter_misc":{"Tiempo de lectura":"1 minuto"},"schema":{"@context":"https:\/\/schema.org","@graph":[{"@type":"WebPage","@id":"https:\/\/activacionempresarial.com\/?page_id=13459","url":"https:\/\/activacionempresarial.com\/?page_id=13459","name":"CONTACTO - Activaci\u00f3n Empresarial","isPartOf":{"@id":"https:\/\/activacionempresarial.com\/#website"},"datePublished":"2023-07-18T20:43:53+00:00","dateModified":"2025-02-18T23:36:21+00:00","breadcrumb":{"@id":"https:\/\/activacionempresarial.com\/?page_id=13459#breadcrumb"},"inLanguage":"es","potentialAction":[{"@type":"ReadAction","target":["https:\/\/activacionempresarial.com\/?page_id=13459"]}]},{"@type":"BreadcrumbList","@id":"https:\/\/activacionempresarial.com\/?page_id=13459#breadcrumb","itemListElement":[{"@type":"ListItem","position":1,"name":"Portada","item":"https:\/\/activacionempresarial.com\/"},{"@type":"ListItem","position":2,"name":"CONTACTO"}]},{"@type":"WebSite","@id":"https:\/\/activacionempresarial.com\/#website","url":"https:\/\/activacionempresarial.com\/","name":"Activaci\u00f3n Empresarial","description":"","potentialAction":[{"@type":"SearchAction","target":{"@type":"EntryPoint","urlTemplate":"https:\/\/activacionempresarial.com\/?s={search_term_string}"},"query-input":{"@type":"PropertyValueSpecification","valueRequired":true,"valueName":"search_term_string"}}],"inLanguage":"es"}]}},"_links":{"self":[{"href":"https:\/\/activacionempresarial.com\/index.php?rest_route=\/wp\/v2\/pages\/13459","targetHints":{"allow":["GET"]}}],"collection":[{"href":"https:\/\/activacionempresarial.com\/index.php?rest_route=\/wp\/v2\/pages"}],"about":[{"href":"https:\/\/activacionempresarial.com\/index.php?rest_route=\/wp\/v2\/types\/page"}],"author":[{"embeddable":true,"href":"https:\/\/activacionempresarial.com\/index.php?rest_route=\/wp\/v2\/users\/1"}],"replies":[{"embeddable":true,"href":"https:\/\/activacionempresarial.com\/index.php?rest_route=%2Fwp%2Fv2%2Fcomments&post=13459"}],"version-history":[{"count":7,"href":"https:\/\/activacionempresarial.com\/index.php?rest_route=\/wp\/v2\/pages\/13459\/revisions"}],"predecessor-version":[{"id":14252,"href":"https:\/\/activacionempresarial.com\/index.php?rest_route=\/wp\/v2\/pages\/13459\/revisions\/14252"}],"wp:attachment":[{"href":"https:\/\/activacionempresarial.com\/index.php?rest_route=%2Fwp%2Fv2%2Fmedia&parent=13459"}],"curies":[{"name":"wp","href":"https:\/\/api.w.org\/{rel}","templated":true}]}}