{"id":13567,"date":"2023-07-18T21:14:18","date_gmt":"2023-07-18T21:14:18","guid":{"rendered":"https:\/\/business.reobiztheme.com\/?page_id=13567"},"modified":"2025-02-20T02:34:21","modified_gmt":"2025-02-20T02:34:21","slug":"soluciones","status":"publish","type":"page","link":"https:\/\/activacionempresarial.com\/?page_id=13567","title":{"rendered":"Soluciones"},"content":{"rendered":"\t\t<div data-elementor-type=\"wp-page\" data-elementor-id=\"13567\" class=\"elementor elementor-13567\" data-elementor-post-type=\"page\">\n\t\t\t\t\t\t<section class=\"elementor-section elementor-top-section elementor-element elementor-element-4ff8c5f0 elementor-section-boxed elementor-section-height-default elementor-section-height-default\" data-id=\"4ff8c5f0\" data-element_type=\"section\">\n\t\t\t\t\t\t<div class=\"elementor-container elementor-column-gap-default\">\n\t\t\t\t\t<div class=\"elementor-column elementor-col-50 elementor-top-column elementor-element elementor-element-1907e82b\" data-id=\"1907e82b\" data-element_type=\"column\">\n\t\t\t<div class=\"elementor-widget-wrap elementor-element-populated\">\n\t\t\t\t\t\t<div class=\"elementor-element elementor-element-6d31a536 elementor-widget elementor-widget-heading\" data-id=\"6d31a536\" data-element_type=\"widget\" data-widget_type=\"heading.default\">\n\t\t\t\t<div class=\"elementor-widget-container\">\n\t\t\t\t\t<h2 class=\"elementor-heading-title elementor-size-default\">\u00bfPor qu\u00e9 elegirnos?<\/h2>\t\t\t\t<\/div>\n\t\t\t\t<\/div>\n\t\t\t\t<div class=\"elementor-element elementor-element-7553adc7 elementor-widget elementor-widget-text-editor\" data-id=\"7553adc7\" data-element_type=\"widget\" data-widget_type=\"text-editor.default\">\n\t\t\t\t<div class=\"elementor-widget-container\">\n\t\t\t\t\t\t\t\t\t<p><span>En <\/span><strong data-start=\"50\" data-end=\"76\"><span>Activaci\u00f3n Empresarial<\/span><\/strong><span> , ofrecemos soluciones estrat\u00e9gicas en <\/span><strong data-start=\"115\" data-end=\"173\"><span>Finanzas, Recursos Humanos y Desarrollo Organizacional<\/span><\/strong><span> , ayudando a las empresas a optimizar procesos, fortalecer equipos y maximizar su rentabilidad.<\/span><\/p>\t\t\t\t\t\t\t\t<\/div>\n\t\t\t\t<\/div>\n\t\t\t\t<section class=\"elementor-section elementor-inner-section elementor-element elementor-element-58d5aceb elementor-section-boxed elementor-section-height-default elementor-section-height-default\" data-id=\"58d5aceb\" data-element_type=\"section\">\n\t\t\t\t\t\t<div class=\"elementor-container elementor-column-gap-default\">\n\t\t\t\t\t<div class=\"elementor-column elementor-col-100 elementor-inner-column elementor-element elementor-element-46ad1f99\" data-id=\"46ad1f99\" data-element_type=\"column\">\n\t\t\t<div class=\"elementor-widget-wrap elementor-element-populated\">\n\t\t\t\t\t\t<div class=\"elementor-element elementor-element-5bb728cf elementor-widget elementor-widget-rsfeatureslist\" data-id=\"5bb728cf\" data-element_type=\"widget\" data-widget_type=\"rsfeatureslist.default\">\n\t\t\t\t<div class=\"elementor-widget-container\">\n\t\t\t\t\t \n\n        <div class=\"rs-features-list-content\">        \n\n                                    <ul class=\"rs-features-list\">\n                                                    <li class=\"elementor-repeater-item-0348abf\">\n                                                                    <i class=\"fa fa-check-circle\"><\/i>\n                                                                <span class=\"rs-feature-text\">Dise\u00f1amos estrategias personalizadas para mejorar la eficiencia operativa.<\/span>\n                            <\/li>\n                                                    <li class=\"elementor-repeater-item-cb9e02c\">\n                                                                    <i class=\"fa fa-check-circle\"><\/i>\n                                                                <span class=\"rs-feature-text\"> Aseguramos que tu empresa cumpla con las regulaciones fiscales y laborales.<\/span>\n                            <\/li>\n                                                    <li class=\"elementor-repeater-item-88cbb66\">\n                                                                    <i class=\"fa fa-check-circle\"><\/i>\n                                                                <span class=\"rs-feature-text\">Potenciamos el capital humano con capacitaci\u00f3n y liderazgo efectivo.<\/span>\n                            <\/li>\n                                                    <li class=\"elementor-repeater-item-e173c11\">\n                                                                    <i class=\"fa fa-check-circle\"><\/i>\n                                                                <span class=\"rs-feature-text\">Implementamos herramientas tecnol\u00f3gicas para mejorar la productividad.<\/span>\n                            <\/li>\n                                            <\/ul>\n                            \n        <\/div>\n        \t\t\t\t<\/div>\n\t\t\t\t<\/div>\n\t\t\t\t\t<\/div>\n\t\t<\/div>\n\t\t\t\t\t<\/div>\n\t\t<\/section>\n\t\t\t\t<section class=\"elementor-section elementor-inner-section elementor-element elementor-element-7b6c191a elementor-section-boxed elementor-section-height-default elementor-section-height-default\" data-id=\"7b6c191a\" data-element_type=\"section\">\n\t\t\t\t\t\t<div class=\"elementor-container elementor-column-gap-default\">\n\t\t\t\t\t<div class=\"elementor-column elementor-col-33 elementor-inner-column elementor-element elementor-element-687980a9\" data-id=\"687980a9\" data-element_type=\"column\">\n\t\t\t<div class=\"elementor-widget-wrap elementor-element-populated\">\n\t\t\t\t\t\t<div class=\"elementor-element elementor-element-301616ab elementor-widget elementor-widget-rs-progress-pie\" data-id=\"301616ab\" data-element_type=\"widget\" data-widget_type=\"rs-progress-pie.default\">\n\t\t\t\t<div class=\"elementor-widget-container\">\n\t\t\t\t\t\t\t\n\t<div class=\"rs-pie-content\">\n\t\t<div id=\"rs-pie-2407807\" class=\"rspie-title-center\" data-percent=\"100\">\n\t\t\t<span class=\"rspie-value\"><\/span>\n\t\t\t\n\t\t<\/div>\n\t\t\t\t\t<div class=\"number\">Soluciones<\/div>\n\t\t\t<\/div>\n\n\t<script type=\"text\/javascript\">\n        jQuery(document).ready(function () {\n            jQuery('#rs-pie-2407807').pieChart({\n                barColor: '#2FA2DC',\n                trackColor: '#EFF2F6',\n                lineCap: 'round',\n                lineWidth: 8,\n                size: 120,\n                onStep: function (from, to, percent) {\n                    jQuery(this.element).find('.rspie-value').text(Math.round(percent) + '%');\n                }\n            });\n        });\n\n    <\/script>       \n\t\t\t\t\t<\/div>\n\t\t\t\t<\/div>\n\t\t\t\t\t<\/div>\n\t\t<\/div>\n\t\t\t\t<div class=\"elementor-column elementor-col-33 elementor-inner-column elementor-element elementor-element-6b126fa5\" data-id=\"6b126fa5\" data-element_type=\"column\">\n\t\t\t<div class=\"elementor-widget-wrap elementor-element-populated\">\n\t\t\t\t\t\t<div class=\"elementor-element elementor-element-5da42fce elementor-widget elementor-widget-rs-progress-pie\" data-id=\"5da42fce\" data-element_type=\"widget\" data-widget_type=\"rs-progress-pie.default\">\n\t\t\t\t<div class=\"elementor-widget-container\">\n\t\t\t\t\t\t\t\n\t<div class=\"rs-pie-content\">\n\t\t<div id=\"rs-pie-1884684\" class=\"rspie-title-center\" data-percent=\"100\">\n\t\t\t<span class=\"rspie-value\"><\/span>\n\t\t\t\n\t\t<\/div>\n\t\t\t\t\t<div class=\"number\">Adaptabilidad<\/div>\n\t\t\t<\/div>\n\n\t<script type=\"text\/javascript\">\n        jQuery(document).ready(function () {\n            jQuery('#rs-pie-1884684').pieChart({\n                barColor: '#2FA2DC',\n                trackColor: '#EFF2F6',\n                lineCap: 'round',\n                lineWidth: 8,\n                size: 120,\n                onStep: function (from, to, percent) {\n                    jQuery(this.element).find('.rspie-value').text(Math.round(percent) + '%');\n                }\n            });\n        });\n\n    <\/script>       \n\t\t\t\t\t<\/div>\n\t\t\t\t<\/div>\n\t\t\t\t\t<\/div>\n\t\t<\/div>\n\t\t\t\t<div class=\"elementor-column elementor-col-33 elementor-inner-column elementor-element elementor-element-20954456\" data-id=\"20954456\" data-element_type=\"column\">\n\t\t\t<div class=\"elementor-widget-wrap elementor-element-populated\">\n\t\t\t\t\t\t<div class=\"elementor-element elementor-element-4399167f elementor-widget elementor-widget-rs-progress-pie\" data-id=\"4399167f\" data-element_type=\"widget\" data-widget_type=\"rs-progress-pie.default\">\n\t\t\t\t<div class=\"elementor-widget-container\">\n\t\t\t\t\t\t\t\n\t<div class=\"rs-pie-content\">\n\t\t<div id=\"rs-pie-4886490\" class=\"rspie-title-center\" data-percent=\"100\">\n\t\t\t<span class=\"rspie-value\"><\/span>\n\t\t\t\n\t\t<\/div>\n\t\t\t\t\t<div class=\"number\">Resultados<\/div>\n\t\t\t<\/div>\n\n\t<script type=\"text\/javascript\">\n        jQuery(document).ready(function () {\n            jQuery('#rs-pie-4886490').pieChart({\n                barColor: '#2FA2DC',\n                trackColor: '#EFF2F6',\n                lineCap: 'round',\n                lineWidth: 8,\n                size: 120,\n                onStep: function (from, to, percent) {\n                    jQuery(this.element).find('.rspie-value').text(Math.round(percent) + '%');\n                }\n            });\n        });\n\n    <\/script>       \n\t\t\t\t\t<\/div>\n\t\t\t\t<\/div>\n\t\t\t\t\t<\/div>\n\t\t<\/div>\n\t\t\t\t\t<\/div>\n\t\t<\/section>\n\t\t\t\t<section class=\"elementor-section elementor-inner-section elementor-element elementor-element-5a03c105 elementor-section-boxed elementor-section-height-default elementor-section-height-default\" data-id=\"5a03c105\" data-element_type=\"section\">\n\t\t\t\t\t\t<div class=\"elementor-container elementor-column-gap-default\">\n\t\t\t\t\t<div class=\"elementor-column elementor-col-100 elementor-inner-column elementor-element elementor-element-52f8baac\" data-id=\"52f8baac\" data-element_type=\"column\">\n\t\t\t<div class=\"elementor-widget-wrap elementor-element-populated\">\n\t\t\t\t\t\t<div class=\"elementor-element elementor-element-46dc815e elementor-widget elementor-widget-text-editor\" data-id=\"46dc815e\" data-element_type=\"widget\" data-widget_type=\"text-editor.default\">\n\t\t\t\t<div class=\"elementor-widget-container\">\n\t\t\t\t\t\t\t\t\t<p>Nuestro enfoque integral, experiencia en m\u00faltiples sectores y compromiso con la excelencia nos permiten dise\u00f1ar estrategias a la medida que generan resultados reales. Impulsamos la eficiencia, optimizamos procesos y potenciamos el talento humano para que tu negocio no solo alcance sus objetivos, sino que los supere.<strong> \u00a1Es momento de dar el siguiente paso y llevar tu empresa al siguiente nivel con nosotros!<\/strong><\/p>\t\t\t\t\t\t\t\t<\/div>\n\t\t\t\t<\/div>\n\t\t\t\t\t<\/div>\n\t\t<\/div>\n\t\t\t\t\t<\/div>\n\t\t<\/section>\n\t\t\t\t\t<\/div>\n\t\t<\/div>\n\t\t\t\t<div class=\"elementor-column elementor-col-50 elementor-top-column elementor-element elementor-element-4d81a695 bs-sidebar dynamic-sidebar\" data-id=\"4d81a695\" data-element_type=\"column\">\n\t\t\t<div class=\"elementor-widget-wrap elementor-element-populated\">\n\t\t\t\t\t\t<div class=\"elementor-element elementor-element-282bfac6 elementor-widget elementor-widget-sidebar\" data-id=\"282bfac6\" data-element_type=\"widget\" data-widget_type=\"sidebar.default\">\n\t\t\t\t<div class=\"elementor-widget-container\">\n\t\t\t\t\t<div id=\"nav_menu-2\" class=\"service-singles widget widget_nav_menu\"><div class=\"menu-services-container\"><ul id=\"menu-services\" class=\"menu\"><li id=\"menu-item-13604\" class=\"menu-item menu-item-type-post_type menu-item-object-page menu-item-13604\"><a href=\"https:\/\/activacionempresarial.com\/?page_id=13602\">Consultor\u00eda en finanzas<\/a><\/li>\n<li id=\"menu-item-13605\" class=\"menu-item menu-item-type-post_type menu-item-object-page menu-item-13605\"><a href=\"https:\/\/activacionempresarial.com\/?page_id=13597\">Factor humano y desarrollo organizacional<\/a><\/li>\n<li id=\"menu-item-13606\" class=\"menu-item menu-item-type-post_type menu-item-object-page menu-item-13606\"><a href=\"https:\/\/activacionempresarial.com\/?page_id=13595\">Estrategias operativas<\/a><\/li>\n<li id=\"menu-item-13607\" class=\"menu-item menu-item-type-post_type menu-item-object-page menu-item-13607\"><a href=\"https:\/\/activacionempresarial.com\/?page_id=13590\">Estrategias comerciales<\/a><\/li>\n<li id=\"menu-item-13608\" class=\"menu-item menu-item-type-post_type menu-item-object-page menu-item-13608\"><a href=\"https:\/\/activacionempresarial.com\/?page_id=13585\">Trasformaci\u00f3n digital y tecnolog\u00edas emergentes<\/a><\/li>\n<\/ul><\/div><\/div>\t\t\t\t<\/div>\n\t\t\t\t<\/div>\n\t\t\t\t<section class=\"elementor-section elementor-inner-section elementor-element elementor-element-6f0e51b4 elementor-section-boxed elementor-section-height-default elementor-section-height-default\" data-id=\"6f0e51b4\" data-element_type=\"section\">\n\t\t\t\t\t\t\t<div class=\"elementor-background-overlay\"><\/div>\n\t\t\t\t\t\t\t<div class=\"elementor-container elementor-column-gap-default\">\n\t\t\t\t\t<div class=\"elementor-column elementor-col-100 elementor-inner-column elementor-element elementor-element-57293eb\" data-id=\"57293eb\" data-element_type=\"column\" data-settings=\"{&quot;background_background&quot;:&quot;classic&quot;}\">\n\t\t\t<div class=\"elementor-widget-wrap elementor-element-populated\">\n\t\t\t\t\t<div class=\"elementor-background-overlay\"><\/div>\n\t\t\t\t\t\t<div class=\"elementor-element elementor-element-7d68fc58 phones elementor-widget elementor-widget-rs-contact-box\" data-id=\"7d68fc58\" data-element_type=\"widget\" data-widget_type=\"rs-contact-box.default\">\n\t\t\t\t<div class=\"elementor-widget-container\">\n\t\t\t\t\t\t\t\r\n\r\n\t\t<!-- Style 1 Start -->\r\n\t\t<div class=\"rs-contact-box\">\r\n\r\n\t\t\t\t\t\t<div class=\"address-item vertical boxstyle1\">\r\n\r\n\t\t\t\t\t\t\t            <div class=\"address-icon\">\r\n\t\t            \t\t\t            \t\t<i class=\"fa fa-phone\"><\/i>\r\n\t\t            \t\t\t            <\/div>\r\n\t\t            \r\n\t\t            <div class=\"address-text\">\r\n\t\t            \t\r\n\r\n\t\t            \t\r\n\r\n\t\t            \t\t\t            <\/div>\r\n\t\t        <\/div>\r\n\t\t\t\t\t<\/div>\r\n\r\n\t<!-- Style 1 End -->\t\r\n\t\t\r\n\t\t\t\t\t<\/div>\n\t\t\t\t<\/div>\n\t\t\t\t<div class=\"elementor-element elementor-element-28d6c29e elementor-widget elementor-widget-heading\" data-id=\"28d6c29e\" data-element_type=\"widget\" data-widget_type=\"heading.default\">\n\t\t\t\t<div class=\"elementor-widget-container\">\n\t\t\t\t\t<h2 class=\"elementor-heading-title elementor-size-default\">\u00bfTienes alguna duda?\nCont\u00e1ctanos<\/h2>\t\t\t\t<\/div>\n\t\t\t\t<\/div>\n\t\t\t\t<div class=\"elementor-element elementor-element-7f9fdc68 elementor-widget elementor-widget-heading\" data-id=\"7f9fdc68\" data-element_type=\"widget\" data-widget_type=\"heading.default\">\n\t\t\t\t<div class=\"elementor-widget-container\">\n\t\t\t\t\t<h2 class=\"elementor-heading-title elementor-size-default\">(123) 222-8888<\/h2>\t\t\t\t<\/div>\n\t\t\t\t<\/div>\n\t\t\t\t\t<\/div>\n\t\t<\/div>\n\t\t\t\t\t<\/div>\n\t\t<\/section>\n\t\t\t\t\t<\/div>\n\t\t<\/div>\n\t\t\t\t\t<\/div>\n\t\t<\/section>\n\t\t<div class=\"elementor-element elementor-element-4c52fa3 e-flex e-con-boxed e-con e-parent\" data-id=\"4c52fa3\" data-element_type=\"container\">\n\t\t\t\t\t<div class=\"e-con-inner\">\n\t\t\t\t<div class=\"elementor-element elementor-element-76bbeed elementor-invisible elementor-widget elementor-widget-heading\" data-id=\"76bbeed\" data-element_type=\"widget\" data-settings=\"{&quot;_animation&quot;:&quot;zoomIn&quot;}\" data-widget_type=\"heading.default\">\n\t\t\t\t<div class=\"elementor-widget-container\">\n\t\t\t\t\t<h2 class=\"elementor-heading-title elementor-size-default\">Tu \u00e9xito comienza hoy, cont\u00e1ctanos y hagamos que suceda.<\/h2>\t\t\t\t<\/div>\n\t\t\t\t<\/div>\n\t\t\t\t\t<\/div>\n\t\t\t\t<\/div>\n\t\t\t\t<\/div>\n\t\t","protected":false},"excerpt":{"rendered":"<p>\u00bfPor qu\u00e9 elegirnos? En Activaci\u00f3n Empresarial , ofrecemos soluciones estrat\u00e9gicas en Finanzas, Recursos Humanos y Desarrollo Organizacional , ayudando a las empresas a optimizar procesos, fortalecer equipos y maximizar su rentabilidad. Dise\u00f1amos estrategias personalizadas para mejorar la eficiencia operativa. Aseguramos que tu empresa cumpla con las regulaciones fiscales y laborales. Potenciamos el capital humano con&#8230;<\/p>\n","protected":false},"author":1,"featured_media":0,"parent":0,"menu_order":0,"comment_status":"closed","ping_status":"closed","template":"","meta":{"_joinchat":[],"footnotes":""},"class_list":["post-13567","page","type-page","status-publish","hentry"],"yoast_head":"<!-- This site is optimized with the Yoast SEO plugin v24.4 - https:\/\/yoast.com\/wordpress\/plugins\/seo\/ -->\n<title>Soluciones - Activaci\u00f3n Empresarial<\/title>\n<meta name=\"robots\" content=\"index, follow, max-snippet:-1, max-image-preview:large, max-video-preview:-1\" \/>\n<link rel=\"canonical\" href=\"https:\/\/activacionempresarial.com\/?page_id=13567\" \/>\n<meta property=\"og:locale\" content=\"es_ES\" \/>\n<meta property=\"og:type\" content=\"article\" \/>\n<meta property=\"og:title\" content=\"Soluciones - Activaci\u00f3n Empresarial\" \/>\n<meta property=\"og:description\" content=\"\u00bfPor qu\u00e9 elegirnos? En Activaci\u00f3n Empresarial , ofrecemos soluciones estrat\u00e9gicas en Finanzas, Recursos Humanos y Desarrollo Organizacional , ayudando a las empresas a optimizar procesos, fortalecer equipos y maximizar su rentabilidad. Dise\u00f1amos estrategias personalizadas para mejorar la eficiencia operativa. Aseguramos que tu empresa cumpla con las regulaciones fiscales y laborales. Potenciamos el capital humano con...\" \/>\n<meta property=\"og:url\" content=\"https:\/\/activacionempresarial.com\/?page_id=13567\" \/>\n<meta property=\"og:site_name\" content=\"Activaci\u00f3n Empresarial\" \/>\n<meta property=\"article:modified_time\" content=\"2025-02-20T02:34:21+00:00\" \/>\n<meta name=\"twitter:card\" content=\"summary_large_image\" \/>\n<meta name=\"twitter:label1\" content=\"Tiempo de lectura\" \/>\n\t<meta name=\"twitter:data1\" content=\"1 minuto\" \/>\n<script type=\"application\/ld+json\" class=\"yoast-schema-graph\">{\"@context\":\"https:\/\/schema.org\",\"@graph\":[{\"@type\":\"WebPage\",\"@id\":\"https:\/\/activacionempresarial.com\/?page_id=13567\",\"url\":\"https:\/\/activacionempresarial.com\/?page_id=13567\",\"name\":\"Soluciones - Activaci\u00f3n Empresarial\",\"isPartOf\":{\"@id\":\"https:\/\/activacionempresarial.com\/#website\"},\"datePublished\":\"2023-07-18T21:14:18+00:00\",\"dateModified\":\"2025-02-20T02:34:21+00:00\",\"breadcrumb\":{\"@id\":\"https:\/\/activacionempresarial.com\/?page_id=13567#breadcrumb\"},\"inLanguage\":\"es\",\"potentialAction\":[{\"@type\":\"ReadAction\",\"target\":[\"https:\/\/activacionempresarial.com\/?page_id=13567\"]}]},{\"@type\":\"BreadcrumbList\",\"@id\":\"https:\/\/activacionempresarial.com\/?page_id=13567#breadcrumb\",\"itemListElement\":[{\"@type\":\"ListItem\",\"position\":1,\"name\":\"Portada\",\"item\":\"https:\/\/activacionempresarial.com\/\"},{\"@type\":\"ListItem\",\"position\":2,\"name\":\"Soluciones\"}]},{\"@type\":\"WebSite\",\"@id\":\"https:\/\/activacionempresarial.com\/#website\",\"url\":\"https:\/\/activacionempresarial.com\/\",\"name\":\"Activaci\u00f3n Empresarial\",\"description\":\"\",\"potentialAction\":[{\"@type\":\"SearchAction\",\"target\":{\"@type\":\"EntryPoint\",\"urlTemplate\":\"https:\/\/activacionempresarial.com\/?s={search_term_string}\"},\"query-input\":{\"@type\":\"PropertyValueSpecification\",\"valueRequired\":true,\"valueName\":\"search_term_string\"}}],\"inLanguage\":\"es\"}]}<\/script>\n<!-- \/ Yoast SEO plugin. -->","yoast_head_json":{"title":"Soluciones - Activaci\u00f3n Empresarial","robots":{"index":"index","follow":"follow","max-snippet":"max-snippet:-1","max-image-preview":"max-image-preview:large","max-video-preview":"max-video-preview:-1"},"canonical":"https:\/\/activacionempresarial.com\/?page_id=13567","og_locale":"es_ES","og_type":"article","og_title":"Soluciones - Activaci\u00f3n Empresarial","og_description":"\u00bfPor qu\u00e9 elegirnos? En Activaci\u00f3n Empresarial , ofrecemos soluciones estrat\u00e9gicas en Finanzas, Recursos Humanos y Desarrollo Organizacional , ayudando a las empresas a optimizar procesos, fortalecer equipos y maximizar su rentabilidad. Dise\u00f1amos estrategias personalizadas para mejorar la eficiencia operativa. Aseguramos que tu empresa cumpla con las regulaciones fiscales y laborales. Potenciamos el capital humano con...","og_url":"https:\/\/activacionempresarial.com\/?page_id=13567","og_site_name":"Activaci\u00f3n Empresarial","article_modified_time":"2025-02-20T02:34:21+00:00","twitter_card":"summary_large_image","twitter_misc":{"Tiempo de lectura":"1 minuto"},"schema":{"@context":"https:\/\/schema.org","@graph":[{"@type":"WebPage","@id":"https:\/\/activacionempresarial.com\/?page_id=13567","url":"https:\/\/activacionempresarial.com\/?page_id=13567","name":"Soluciones - Activaci\u00f3n Empresarial","isPartOf":{"@id":"https:\/\/activacionempresarial.com\/#website"},"datePublished":"2023-07-18T21:14:18+00:00","dateModified":"2025-02-20T02:34:21+00:00","breadcrumb":{"@id":"https:\/\/activacionempresarial.com\/?page_id=13567#breadcrumb"},"inLanguage":"es","potentialAction":[{"@type":"ReadAction","target":["https:\/\/activacionempresarial.com\/?page_id=13567"]}]},{"@type":"BreadcrumbList","@id":"https:\/\/activacionempresarial.com\/?page_id=13567#breadcrumb","itemListElement":[{"@type":"ListItem","position":1,"name":"Portada","item":"https:\/\/activacionempresarial.com\/"},{"@type":"ListItem","position":2,"name":"Soluciones"}]},{"@type":"WebSite","@id":"https:\/\/activacionempresarial.com\/#website","url":"https:\/\/activacionempresarial.com\/","name":"Activaci\u00f3n Empresarial","description":"","potentialAction":[{"@type":"SearchAction","target":{"@type":"EntryPoint","urlTemplate":"https:\/\/activacionempresarial.com\/?s={search_term_string}"},"query-input":{"@type":"PropertyValueSpecification","valueRequired":true,"valueName":"search_term_string"}}],"inLanguage":"es"}]}},"_links":{"self":[{"href":"https:\/\/activacionempresarial.com\/index.php?rest_route=\/wp\/v2\/pages\/13567","targetHints":{"allow":["GET"]}}],"collection":[{"href":"https:\/\/activacionempresarial.com\/index.php?rest_route=\/wp\/v2\/pages"}],"about":[{"href":"https:\/\/activacionempresarial.com\/index.php?rest_route=\/wp\/v2\/types\/page"}],"author":[{"embeddable":true,"href":"https:\/\/activacionempresarial.com\/index.php?rest_route=\/wp\/v2\/users\/1"}],"replies":[{"embeddable":true,"href":"https:\/\/activacionempresarial.com\/index.php?rest_route=%2Fwp%2Fv2%2Fcomments&post=13567"}],"version-history":[{"count":19,"href":"https:\/\/activacionempresarial.com\/index.php?rest_route=\/wp\/v2\/pages\/13567\/revisions"}],"predecessor-version":[{"id":14392,"href":"https:\/\/activacionempresarial.com\/index.php?rest_route=\/wp\/v2\/pages\/13567\/revisions\/14392"}],"wp:attachment":[{"href":"https:\/\/activacionempresarial.com\/index.php?rest_route=%2Fwp%2Fv2%2Fmedia&parent=13567"}],"curies":[{"name":"wp","href":"https:\/\/api.w.org\/{rel}","templated":true}]}}